{"id":15,"date":"2016-06-17T16:26:21","date_gmt":"2016-06-17T15:26:21","guid":{"rendered":"http:\/\/florencehumbert.fr\/?page_id=15"},"modified":"2021-11-14T21:24:03","modified_gmt":"2021-11-14T20:24:03","slug":"qui-suis-je","status":"publish","type":"page","link":"https:\/\/florencehumbert.fr\/index.php\/shiatsu-dans-lest-parisien\/qui-suis-je\/","title":{"rendered":"Qui suis-je ?"},"content":{"rendered":"<p style=\"text-align: left;\"><a href=\"http:\/\/florencehumbert.fr\/wp-content\/uploads\/2019\/12\/florence-Humbert-1.jpg\"><img loading=\"lazy\" class=\" wp-image-518 alignright\" src=\"http:\/\/florencehumbert.fr\/wp-content\/uploads\/2019\/12\/florence-Humbert-1-230x300.jpg\" alt=\"\" width=\"115\" height=\"148\" \/><\/a>Dipl\u00f4m\u00e9e de <a href=\"http:\/\/www.shiatsu-est.org\/\">l&rsquo;Ecole de Shiatsu Th\u00e9rapeutique de Paris <\/a>ainsi que de la\u00a0<a href=\"http:\/\/www.ffst.fr\/\">F\u00e9d\u00e9ration Fran\u00e7aise de Shiatsu traditionnel<\/a>, je pratique le shiatsu depuis plus de 20 ans.<\/p>\n<p>Je rencontre des personnes qui cherchent \u00e0 souffler un peu, d&rsquo;autres qui cherchent\u00a0un moyen de d\u00e9passer leurs difficult\u00e9s ;\u00a0d&rsquo;autres encore qui cherchent \u00e0 contacter leurs ressources profondes ;\u00a0il y a aussi\u00a0les explorateurs&#8230; Je rencontre parfois des personnes tr\u00e8s malades. Le shiatsu les a tous beaucoup aid\u00e9s. Il a parfois \u00e9t\u00e9 leur solution, il est\u00a0un chemin de mieux-\u00eatre et de gu\u00e9rison.<\/p>\n<p>Interventions r\u00e9guli\u00e8res au service d&rsquo;immunologie de l&rsquo;h\u00f4pital Necker sur des adolescents atteints de pathologies graves qui n\u00e9cessitent des traitements lourds<\/p>\n<p><a href=\"http:\/\/florencehumbert.fr\/wp-content\/uploads\/2017\/02\/IMAG2226.jpg\"><img loading=\"lazy\" class=\"wp-image-210 alignleft\" src=\"http:\/\/florencehumbert.fr\/wp-content\/uploads\/2017\/02\/IMAG2226-300x170.jpg\" alt=\"\" width=\"235\" height=\"133\" srcset=\"https:\/\/florencehumbert.fr\/wp-content\/uploads\/2017\/02\/IMAG2226-300x170.jpg 300w, https:\/\/florencehumbert.fr\/wp-content\/uploads\/2017\/02\/IMAG2226-768x434.jpg 768w, https:\/\/florencehumbert.fr\/wp-content\/uploads\/2017\/02\/IMAG2226-1024x579.jpg 1024w\" sizes=\"(max-width: 235px) 100vw, 235px\" \/><\/a><\/p>\n<p>Les ateliers :<\/p>\n<p>Avec l&rsquo;\u00e9cole de shiatsu qui m&rsquo;a form\u00e9e et l&rsquo;association qui l&rsquo;accompagne et qui a pour vocation de promouvoir le shiatsu.<\/p>\n<ul>\n<li>A<a href=\"http:\/\/www.shiatsu-aist.org\/polyarthrite\">telier polyarthrite<\/a> en partenariat avec l&rsquo;<a href=\"http:\/\/www.polyarthrite.org\/\">AFP<\/a><\/li>\n<li>A<a href=\"http:\/\/www.shiatsu-est.org\/ateliers\">telier shiatsu de la Piti\u00e9 Salp\u00e9tri\u00e8re<\/a> (service de Psychiatrie \u200bdu Pr Cohen) \u200bpour\u00a0des adolescents en difficult\u00e9.<\/li>\n<li>A<a href=\"http:\/\/www.shiatsu-aist.org\/atelier_mres\">telier shiatsu du MRES<\/a>\u00a0 (Minist\u00e8re de la Recherche et de l&rsquo;Enseignement Sup\u00e9rieur).<\/li>\n<li><a href=\"http:\/\/www.la-suite-necker.aphp.fr\/hello\/#_la-suite\">Atelier shiatsu \u00e0 l&rsquo;h\u00f4pital Necker-La Suite<\/a><\/li>\n<li>\u00a0Interventions hebdomadaires au service d&rsquo;immunologie de l&rsquo;h\u00f4pital Necker sur des adolescents atteints de pathologies graves qui n\u00e9cessitent des traitements lourds.<\/li>\n<li>Pratique et enseignement du <a href=\"http:\/\/www.shiatsu-aist.org\/\">shiatsu au P\u00e9rou<\/a><\/li>\n<\/ul>\n<p><a style=\"font-size: revert; text-align: right;\" href=\"http:\/\/florencehumbert.fr\/wp-content\/uploads\/2017\/02\/20160510_164415.jpg\"><img loading=\"lazy\" class=\"size-medium wp-image-214 aligncenter\" src=\"http:\/\/florencehumbert.fr\/wp-content\/uploads\/2017\/02\/20160510_164415-180x300.jpg\" alt=\"\" width=\"180\" height=\"300\" srcset=\"https:\/\/florencehumbert.fr\/wp-content\/uploads\/2017\/02\/20160510_164415-180x300.jpg 180w, https:\/\/florencehumbert.fr\/wp-content\/uploads\/2017\/02\/20160510_164415-768x1280.jpg 768w, https:\/\/florencehumbert.fr\/wp-content\/uploads\/2017\/02\/20160510_164415-614x1024.jpg 614w, https:\/\/florencehumbert.fr\/wp-content\/uploads\/2017\/02\/20160510_164415.jpg 1536w\" sizes=\"(max-width: 180px) 100vw, 180px\" \/><\/a><\/p>\n<p style=\"text-align: right;\"><span style=\"color: #ffffff;\"><strong>A<\/strong><\/span><\/p>\n<ul>\n<li><strong>Pratique quotidienne du yoga<\/strong>\u00a0(\u00e9cole de Krishnamacharya)<\/li>\n<\/ul>\n<p>Dipl\u00f4me de professeur de yoga de l&rsquo;\u00e9cole de Bernard Bouanchaud<\/p>\n<p>Artiste de formation, j&rsquo;ai pratiqu\u00e9 un art sans corps, photo et vid\u00e9o essentiellement, <a href=\"http:\/\/florencehumbert.fr\/wp-content\/uploads\/2017\/02\/site-performance.jpg\"><img loading=\"lazy\" class=\"wp-image-240 alignleft\" src=\"http:\/\/florencehumbert.fr\/wp-content\/uploads\/2017\/02\/site-performance-300x300.jpg\" alt=\"\" width=\"268\" height=\"268\" srcset=\"https:\/\/florencehumbert.fr\/wp-content\/uploads\/2017\/02\/site-performance-300x300.jpg 300w, https:\/\/florencehumbert.fr\/wp-content\/uploads\/2017\/02\/site-performance-150x150.jpg 150w, https:\/\/florencehumbert.fr\/wp-content\/uploads\/2017\/02\/site-performance-768x771.jpg 768w, https:\/\/florencehumbert.fr\/wp-content\/uploads\/2017\/02\/site-performance.jpg 1019w\" sizes=\"(max-width: 268px) 100vw, 268px\" \/><\/a>en r\u00e9ussissant \u00e0 \u00e9viter tout ce qui pouvait me rapprocher de la mati\u00e8re. \u00a0Mon corps n&rsquo;\u00e9tant que douleur, m&rsquo;a rappel\u00e9 \u00e0 l&rsquo;ordre. C&rsquo;est alors que j&rsquo;ai rencontr\u00e9 le shiatsu. Une nouvelle dimension m&rsquo;est apparue que je ne cesse d&rsquo;explorer depuis.<\/p>\n<p>Performance \u00e0 l&rsquo;INECAT, septembre 2015.<\/p>\n","protected":false},"excerpt":{"rendered":"<p>Dipl\u00f4m\u00e9e de l&rsquo;Ecole de Shiatsu Th\u00e9rapeutique de Paris ainsi que de la\u00a0F\u00e9d\u00e9ration Fran\u00e7aise de Shiatsu traditionnel, je pratique le shiatsu depuis plus de 20 ans. Je rencontre des personnes qui cherchent \u00e0 souffler un peu, d&rsquo;autres qui cherchent\u00a0un moyen de d\u00e9passer leurs difficult\u00e9s ;\u00a0d&rsquo;autres encore qui cherchent \u00e0 contacter leurs ressources profondes ;\u00a0il y a &hellip; <a href=\"https:\/\/florencehumbert.fr\/index.php\/shiatsu-dans-lest-parisien\/qui-suis-je\/\" class=\"more-link\">Continuer la lecture de <span class=\"screen-reader-text\">Qui suis-je ?<\/span><\/a><\/p>\n","protected":false},"author":2,"featured_media":0,"parent":592,"menu_order":0,"comment_status":"closed","ping_status":"closed","template":"","meta":{"_exactmetrics_skip_tracking":false,"_exactmetrics_sitenote_active":false,"_exactmetrics_sitenote_note":"","_exactmetrics_sitenote_category":0,"jetpack_post_was_ever_published":false},"yoast_head":"<!-- This site is optimized with the Yoast SEO plugin v19.13 - https:\/\/yoast.com\/wordpress\/plugins\/seo\/ -->\n<title>Qui suis-je ? - Florence Humbert Praticienne de shiatsu<\/title>\n<meta name=\"description\" content=\"Dipl\u00f4m\u00e9e de l&#039;Ecole de Shiatsu Th\u00e9rapeutique de Paris et de la F\u00e9d\u00e9ration Fran\u00e7aise de Shiatsu Traditionnel ; pratique depuis pr\u00e8s de 20 ans.\" \/>\n<meta name=\"robots\" content=\"index, follow, max-snippet:-1, max-image-preview:large, max-video-preview:-1\" \/>\n<link rel=\"canonical\" href=\"https:\/\/florencehumbert.fr\/index.php\/shiatsu-dans-lest-parisien\/qui-suis-je\/\" \/>\n<meta property=\"og:locale\" content=\"fr_FR\" \/>\n<meta property=\"og:type\" content=\"article\" \/>\n<meta property=\"og:title\" content=\"Qui suis-je ? - Florence Humbert Praticienne de shiatsu\" \/>\n<meta property=\"og:description\" content=\"Dipl\u00f4m\u00e9e de l&#039;Ecole de Shiatsu Th\u00e9rapeutique de Paris et de la F\u00e9d\u00e9ration Fran\u00e7aise de Shiatsu Traditionnel ; pratique depuis pr\u00e8s de 20 ans.\" \/>\n<meta property=\"og:url\" content=\"https:\/\/florencehumbert.fr\/index.php\/shiatsu-dans-lest-parisien\/qui-suis-je\/\" \/>\n<meta property=\"og:site_name\" content=\"Florence Humbert Praticienne de shiatsu\" \/>\n<meta property=\"article:modified_time\" content=\"2021-11-14T20:24:03+00:00\" \/>\n<meta property=\"og:image\" content=\"http:\/\/florencehumbert.fr\/wp-content\/uploads\/2019\/12\/florence-Humbert-1-230x300.jpg\" \/>\n<meta name=\"twitter:card\" content=\"summary_large_image\" \/>\n<meta name=\"twitter:label1\" content=\"Dur\u00e9e de lecture estim\u00e9e\" \/>\n\t<meta name=\"twitter:data1\" content=\"3 minutes\" \/>\n<script type=\"application\/ld+json\" class=\"yoast-schema-graph\">{\"@context\":\"https:\/\/schema.org\",\"@graph\":[{\"@type\":\"WebPage\",\"@id\":\"https:\/\/florencehumbert.fr\/index.php\/shiatsu-dans-lest-parisien\/qui-suis-je\/\",\"url\":\"https:\/\/florencehumbert.fr\/index.php\/shiatsu-dans-lest-parisien\/qui-suis-je\/\",\"name\":\"Qui suis-je ? - Florence Humbert Praticienne de shiatsu\",\"isPartOf\":{\"@id\":\"https:\/\/florencehumbert.fr\/#website\"},\"datePublished\":\"2016-06-17T15:26:21+00:00\",\"dateModified\":\"2021-11-14T20:24:03+00:00\",\"description\":\"Dipl\u00f4m\u00e9e de l'Ecole de Shiatsu Th\u00e9rapeutique de Paris et de la F\u00e9d\u00e9ration Fran\u00e7aise de Shiatsu Traditionnel ; pratique depuis pr\u00e8s de 20 ans.\",\"breadcrumb\":{\"@id\":\"https:\/\/florencehumbert.fr\/index.php\/shiatsu-dans-lest-parisien\/qui-suis-je\/#breadcrumb\"},\"inLanguage\":\"fr-FR\",\"potentialAction\":[{\"@type\":\"ReadAction\",\"target\":[\"https:\/\/florencehumbert.fr\/index.php\/shiatsu-dans-lest-parisien\/qui-suis-je\/\"]}]},{\"@type\":\"BreadcrumbList\",\"@id\":\"https:\/\/florencehumbert.fr\/index.php\/shiatsu-dans-lest-parisien\/qui-suis-je\/#breadcrumb\",\"itemListElement\":[{\"@type\":\"ListItem\",\"position\":1,\"name\":\"Accueil\",\"item\":\"https:\/\/florencehumbert.fr\/\"},{\"@type\":\"ListItem\",\"position\":2,\"name\":\"Shiatsu dans l&rsquo;est parisien\",\"item\":\"https:\/\/florencehumbert.fr\/\"},{\"@type\":\"ListItem\",\"position\":3,\"name\":\"Qui suis-je ?\"}]},{\"@type\":\"WebSite\",\"@id\":\"https:\/\/florencehumbert.fr\/#website\",\"url\":\"https:\/\/florencehumbert.fr\/\",\"name\":\"Florence Humbert Praticienne de shiatsu\",\"description\":\"06 81 28 64 41\",\"publisher\":{\"@id\":\"https:\/\/florencehumbert.fr\/#\/schema\/person\/3e97c91d838218288a5ff1bd543bb3e3\"},\"potentialAction\":[{\"@type\":\"SearchAction\",\"target\":{\"@type\":\"EntryPoint\",\"urlTemplate\":\"https:\/\/florencehumbert.fr\/?s={search_term_string}\"},\"query-input\":\"required name=search_term_string\"}],\"inLanguage\":\"fr-FR\"},{\"@type\":[\"Person\",\"Organization\"],\"@id\":\"https:\/\/florencehumbert.fr\/#\/schema\/person\/3e97c91d838218288a5ff1bd543bb3e3\",\"name\":\"Florence Humbert\",\"image\":{\"@type\":\"ImageObject\",\"inLanguage\":\"fr-FR\",\"@id\":\"https:\/\/florencehumbert.fr\/#\/schema\/person\/image\/\",\"url\":\"https:\/\/secure.gravatar.com\/avatar\/a8946aed7577a97ff14e1baacdefeace?s=96&d=mm&r=g\",\"contentUrl\":\"https:\/\/secure.gravatar.com\/avatar\/a8946aed7577a97ff14e1baacdefeace?s=96&d=mm&r=g\",\"caption\":\"Florence Humbert\"},\"logo\":{\"@id\":\"https:\/\/florencehumbert.fr\/#\/schema\/person\/image\/\"},\"sameAs\":[\"https:\/\/florencehumbert.fr\"]}]}<\/script>\n<!-- \/ Yoast SEO plugin. -->","yoast_head_json":{"title":"Qui suis-je ? - Florence Humbert Praticienne de shiatsu","description":"Dipl\u00f4m\u00e9e de l'Ecole de Shiatsu Th\u00e9rapeutique de Paris et de la F\u00e9d\u00e9ration Fran\u00e7aise de Shiatsu Traditionnel ; pratique depuis pr\u00e8s de 20 ans.","robots":{"index":"index","follow":"follow","max-snippet":"max-snippet:-1","max-image-preview":"max-image-preview:large","max-video-preview":"max-video-preview:-1"},"canonical":"https:\/\/florencehumbert.fr\/index.php\/shiatsu-dans-lest-parisien\/qui-suis-je\/","og_locale":"fr_FR","og_type":"article","og_title":"Qui suis-je ? - Florence Humbert Praticienne de shiatsu","og_description":"Dipl\u00f4m\u00e9e de l'Ecole de Shiatsu Th\u00e9rapeutique de Paris et de la F\u00e9d\u00e9ration Fran\u00e7aise de Shiatsu Traditionnel ; pratique depuis pr\u00e8s de 20 ans.","og_url":"https:\/\/florencehumbert.fr\/index.php\/shiatsu-dans-lest-parisien\/qui-suis-je\/","og_site_name":"Florence Humbert Praticienne de shiatsu","article_modified_time":"2021-11-14T20:24:03+00:00","og_image":[{"url":"http:\/\/florencehumbert.fr\/wp-content\/uploads\/2019\/12\/florence-Humbert-1-230x300.jpg"}],"twitter_card":"summary_large_image","twitter_misc":{"Dur\u00e9e de lecture estim\u00e9e":"3 minutes"},"schema":{"@context":"https:\/\/schema.org","@graph":[{"@type":"WebPage","@id":"https:\/\/florencehumbert.fr\/index.php\/shiatsu-dans-lest-parisien\/qui-suis-je\/","url":"https:\/\/florencehumbert.fr\/index.php\/shiatsu-dans-lest-parisien\/qui-suis-je\/","name":"Qui suis-je ? - Florence Humbert Praticienne de shiatsu","isPartOf":{"@id":"https:\/\/florencehumbert.fr\/#website"},"datePublished":"2016-06-17T15:26:21+00:00","dateModified":"2021-11-14T20:24:03+00:00","description":"Dipl\u00f4m\u00e9e de l'Ecole de Shiatsu Th\u00e9rapeutique de Paris et de la F\u00e9d\u00e9ration Fran\u00e7aise de Shiatsu Traditionnel ; pratique depuis pr\u00e8s de 20 ans.","breadcrumb":{"@id":"https:\/\/florencehumbert.fr\/index.php\/shiatsu-dans-lest-parisien\/qui-suis-je\/#breadcrumb"},"inLanguage":"fr-FR","potentialAction":[{"@type":"ReadAction","target":["https:\/\/florencehumbert.fr\/index.php\/shiatsu-dans-lest-parisien\/qui-suis-je\/"]}]},{"@type":"BreadcrumbList","@id":"https:\/\/florencehumbert.fr\/index.php\/shiatsu-dans-lest-parisien\/qui-suis-je\/#breadcrumb","itemListElement":[{"@type":"ListItem","position":1,"name":"Accueil","item":"https:\/\/florencehumbert.fr\/"},{"@type":"ListItem","position":2,"name":"Shiatsu dans l&rsquo;est parisien","item":"https:\/\/florencehumbert.fr\/"},{"@type":"ListItem","position":3,"name":"Qui suis-je ?"}]},{"@type":"WebSite","@id":"https:\/\/florencehumbert.fr\/#website","url":"https:\/\/florencehumbert.fr\/","name":"Florence Humbert Praticienne de shiatsu","description":"06 81 28 64 41","publisher":{"@id":"https:\/\/florencehumbert.fr\/#\/schema\/person\/3e97c91d838218288a5ff1bd543bb3e3"},"potentialAction":[{"@type":"SearchAction","target":{"@type":"EntryPoint","urlTemplate":"https:\/\/florencehumbert.fr\/?s={search_term_string}"},"query-input":"required name=search_term_string"}],"inLanguage":"fr-FR"},{"@type":["Person","Organization"],"@id":"https:\/\/florencehumbert.fr\/#\/schema\/person\/3e97c91d838218288a5ff1bd543bb3e3","name":"Florence Humbert","image":{"@type":"ImageObject","inLanguage":"fr-FR","@id":"https:\/\/florencehumbert.fr\/#\/schema\/person\/image\/","url":"https:\/\/secure.gravatar.com\/avatar\/a8946aed7577a97ff14e1baacdefeace?s=96&d=mm&r=g","contentUrl":"https:\/\/secure.gravatar.com\/avatar\/a8946aed7577a97ff14e1baacdefeace?s=96&d=mm&r=g","caption":"Florence Humbert"},"logo":{"@id":"https:\/\/florencehumbert.fr\/#\/schema\/person\/image\/"},"sameAs":["https:\/\/florencehumbert.fr"]}]}},"jetpack_sharing_enabled":true,"jetpack_shortlink":"https:\/\/wp.me\/P8r29s-f","_links":{"self":[{"href":"https:\/\/florencehumbert.fr\/index.php\/wp-json\/wp\/v2\/pages\/15"}],"collection":[{"href":"https:\/\/florencehumbert.fr\/index.php\/wp-json\/wp\/v2\/pages"}],"about":[{"href":"https:\/\/florencehumbert.fr\/index.php\/wp-json\/wp\/v2\/types\/page"}],"author":[{"embeddable":true,"href":"https:\/\/florencehumbert.fr\/index.php\/wp-json\/wp\/v2\/users\/2"}],"replies":[{"embeddable":true,"href":"https:\/\/florencehumbert.fr\/index.php\/wp-json\/wp\/v2\/comments?post=15"}],"version-history":[{"count":108,"href":"https:\/\/florencehumbert.fr\/index.php\/wp-json\/wp\/v2\/pages\/15\/revisions"}],"predecessor-version":[{"id":611,"href":"https:\/\/florencehumbert.fr\/index.php\/wp-json\/wp\/v2\/pages\/15\/revisions\/611"}],"up":[{"embeddable":true,"href":"https:\/\/florencehumbert.fr\/index.php\/wp-json\/wp\/v2\/pages\/592"}],"wp:attachment":[{"href":"https:\/\/florencehumbert.fr\/index.php\/wp-json\/wp\/v2\/media?parent=15"}],"curies":[{"name":"wp","href":"https:\/\/api.w.org\/{rel}","templated":true}]}}