{"id":18,"date":"2016-06-17T16:27:16","date_gmt":"2016-06-17T15:27:16","guid":{"rendered":"http:\/\/florencehumbert.fr\/?page_id=18"},"modified":"2021-11-14T21:24:30","modified_gmt":"2021-11-14T20:24:30","slug":"le-shiatsu","status":"publish","type":"page","link":"https:\/\/florencehumbert.fr\/index.php\/shiatsu-dans-lest-parisien\/le-shiatsu\/","title":{"rendered":"Shiatsu et Sei shiatsu"},"content":{"rendered":"<header class=\"post-header section\">\n<div class=\"post-header-inner section-inner\"><span style=\"font-size: revert;\">Le shiatsu est une technique manuelle d\u2019origine japonaise qui utilise le toucher \u00e0 travers les v\u00eatements pour ramener l\u2019\u00e9quilibre dans le corps et ainsi promouvoir la sant\u00e9.<\/span><\/div>\n<div class=\"post-header-inner section-inner\">\n<p>Sauf cas particuliers, il se pratique au sol et il est\u00a0judicieux de pr\u00e9voir une tenue ample et souple pour profiter pleinement de la s\u00e9ance.<br \/>\nIl\u00a0permet de r\u00e9tablir la circulation de l\u2019\u00e9nergie vitale. Il d\u00e9tend profond\u00e9ment.<\/p>\n<p>Il se pratique en exer\u00e7ant une pression plus ou moins forte, avec les pouces, les doigts et les paumes des mains, sur des zones tr\u00e8s sp\u00e9cifiques : les tsubos. En fonction des besoins, le praticien utilise d\u2019autres techniques (p\u00e9trissage, rotation des articulations, \u00e9tirement ou vibration) pour \u00e9liminer les blocages, stimuler les points faibles et activer les forces naturelles d\u2019autogu\u00e9rison. Puisant dans la sagesse traditionnelle chinoise dont il est issu, le shiatsu envisage la sant\u00e9 de l\u2019\u00eatre humain dans sa globalit\u00e9 : physique, psychique et mentale.<\/p>\n<\/div>\n<div class=\"post-header-inner section-inner\"><\/div>\n<div class=\"post-header-inner section-inner\">\n<p><span style=\"color: inherit; font-weight: bold; letter-spacing: 0.1em; text-transform: uppercase;\">La prise des pouls :<\/span><\/p>\n<\/div>\n<div class=\"post-header-inner section-inner\">Le <em>sei shiatsu<\/em> permet de s&rsquo;ajuster \u00e0 toutes les r\u00e9alit\u00e9s corporelles. La s\u00e9ance commence par la prise des pouls chinois qui donne des indications sur l&rsquo;\u00e9tat de l&rsquo;\u00e9nergie \u00e0 l&rsquo;int\u00e9rieur des diff\u00e9rents organes.<\/div>\n<div class=\"post-header-inner section-inner\"><\/div>\n<div class=\"post-header-inner section-inner\">\u00ab\u00a0Le praticien, constamment entre Ciel et Terre, sait qu\u2019il travaille avec une force qui le d\u00e9passe.\u00a0Il sait aussi oublier sa volont\u00e9 propre pour n\u2019\u0153uvrer qu\u2019avec l\u2019intention juste. Le <em>Sei Shiatsu<\/em> alterne entre <em>subtilit\u00e9 <\/em>et <em>profondeur<\/em>, <em>enracinement <\/em>et <em>l\u00e9g\u00e8ret\u00e9<\/em>, entre <em>rythme<\/em>, <em>mouvement\u00a0<\/em>et <em>silence.\u00a0\u00bb Bernard Bouheret (directeur de l&rsquo;Ecole de Shiatsu Th\u00e9rapeutique de Paris)<\/em><\/div>\n<div class=\"post-header-inner section-inner\">\n<div class=\"post-content section-inner thin clearfix\">\n<p>\u201cLes Mains sont guid\u00e9es par le Souffle, le Souffle est guid\u00e9 par la Pens\u00e9e, la Pens\u00e9e est guid\u00e9e par le C\u0153ur, le C\u0153ur est uni \u00e0 la Voie (Dao).\u201d<\/p>\n<\/div>\n<\/div>\n<div class=\"post-header-inner section-inner\">Dipl\u00f4m\u00e9e de l&rsquo;E.S.T. et de la F.F.S.T., J&rsquo;utilise les protocoles que Bernard\u00a0 a \u00e9labor\u00e9s et exp\u00e9riment\u00e9s pendant plus de 25 ans de cabinet.<\/div>\n<div class=\"post-header-inner section-inner\"><\/div>\n<div class=\"post-header-inner section-inner\"><\/div>\n<div class=\"post-header-inner section-inner\">Pour en savoir plus\u00a0: <a href=\"http:\/\/www.shiatsu-aist.org\/sites\/default\/files\/Article%20Dragon.pdf\">La sant\u00e9 au bout des doigts<\/a><\/div>\n<\/header>\n<div><\/div>\n<div>Depuis\u00a01955, le minist\u00e8re japonais de la Sant\u00e9 a reconnu officiellement le shiatsu comme m\u00e9decine \u00e0 part enti\u00e8re.<\/div>\n","protected":false},"excerpt":{"rendered":"<p>Le shiatsu est une technique manuelle d\u2019origine japonaise qui utilise le toucher \u00e0 travers les v\u00eatements pour ramener l\u2019\u00e9quilibre dans le corps et ainsi promouvoir la sant\u00e9. Sauf cas particuliers, il se pratique au sol et il est\u00a0judicieux de pr\u00e9voir une tenue ample et souple pour profiter pleinement de la s\u00e9ance. Il\u00a0permet de r\u00e9tablir la &hellip; <a href=\"https:\/\/florencehumbert.fr\/index.php\/shiatsu-dans-lest-parisien\/le-shiatsu\/\" class=\"more-link\">Continuer la lecture de <span class=\"screen-reader-text\">Shiatsu et Sei shiatsu<\/span><\/a><\/p>\n","protected":false},"author":2,"featured_media":0,"parent":592,"menu_order":0,"comment_status":"closed","ping_status":"closed","template":"","meta":{"_exactmetrics_skip_tracking":false,"_exactmetrics_sitenote_active":false,"_exactmetrics_sitenote_note":"","_exactmetrics_sitenote_category":0,"jetpack_post_was_ever_published":false},"yoast_head":"<!-- This site is optimized with the Yoast SEO plugin v19.13 - https:\/\/yoast.com\/wordpress\/plugins\/seo\/ -->\n<title>Shiatsu et Sei shiatsu - Florence Humbert Praticienne de shiatsu<\/title>\n<meta name=\"robots\" content=\"index, follow, max-snippet:-1, max-image-preview:large, max-video-preview:-1\" \/>\n<link rel=\"canonical\" href=\"https:\/\/florencehumbert.fr\/index.php\/shiatsu-dans-lest-parisien\/le-shiatsu\/\" \/>\n<meta property=\"og:locale\" content=\"fr_FR\" \/>\n<meta property=\"og:type\" content=\"article\" \/>\n<meta property=\"og:title\" content=\"Shiatsu et Sei shiatsu - Florence Humbert Praticienne de shiatsu\" \/>\n<meta property=\"og:description\" content=\"Le shiatsu est une technique manuelle d\u2019origine japonaise qui utilise le toucher \u00e0 travers les v\u00eatements pour ramener l\u2019\u00e9quilibre dans le corps et ainsi promouvoir la sant\u00e9. Sauf cas particuliers, il se pratique au sol et il est\u00a0judicieux de pr\u00e9voir une tenue ample et souple pour profiter pleinement de la s\u00e9ance. Il\u00a0permet de r\u00e9tablir la &hellip; Continuer la lecture de Shiatsu et Sei shiatsu\" \/>\n<meta property=\"og:url\" content=\"https:\/\/florencehumbert.fr\/index.php\/shiatsu-dans-lest-parisien\/le-shiatsu\/\" \/>\n<meta property=\"og:site_name\" content=\"Florence Humbert Praticienne de shiatsu\" \/>\n<meta property=\"article:modified_time\" content=\"2021-11-14T20:24:30+00:00\" \/>\n<meta name=\"twitter:card\" content=\"summary_large_image\" \/>\n<meta name=\"twitter:label1\" content=\"Dur\u00e9e de lecture estim\u00e9e\" \/>\n\t<meta name=\"twitter:data1\" content=\"2 minutes\" \/>\n<script type=\"application\/ld+json\" class=\"yoast-schema-graph\">{\"@context\":\"https:\/\/schema.org\",\"@graph\":[{\"@type\":\"WebPage\",\"@id\":\"https:\/\/florencehumbert.fr\/index.php\/shiatsu-dans-lest-parisien\/le-shiatsu\/\",\"url\":\"https:\/\/florencehumbert.fr\/index.php\/shiatsu-dans-lest-parisien\/le-shiatsu\/\",\"name\":\"Shiatsu et Sei shiatsu - Florence Humbert Praticienne de shiatsu\",\"isPartOf\":{\"@id\":\"https:\/\/florencehumbert.fr\/#website\"},\"datePublished\":\"2016-06-17T15:27:16+00:00\",\"dateModified\":\"2021-11-14T20:24:30+00:00\",\"breadcrumb\":{\"@id\":\"https:\/\/florencehumbert.fr\/index.php\/shiatsu-dans-lest-parisien\/le-shiatsu\/#breadcrumb\"},\"inLanguage\":\"fr-FR\",\"potentialAction\":[{\"@type\":\"ReadAction\",\"target\":[\"https:\/\/florencehumbert.fr\/index.php\/shiatsu-dans-lest-parisien\/le-shiatsu\/\"]}]},{\"@type\":\"BreadcrumbList\",\"@id\":\"https:\/\/florencehumbert.fr\/index.php\/shiatsu-dans-lest-parisien\/le-shiatsu\/#breadcrumb\",\"itemListElement\":[{\"@type\":\"ListItem\",\"position\":1,\"name\":\"Accueil\",\"item\":\"https:\/\/florencehumbert.fr\/\"},{\"@type\":\"ListItem\",\"position\":2,\"name\":\"Shiatsu dans l&rsquo;est parisien\",\"item\":\"https:\/\/florencehumbert.fr\/\"},{\"@type\":\"ListItem\",\"position\":3,\"name\":\"Shiatsu et Sei shiatsu\"}]},{\"@type\":\"WebSite\",\"@id\":\"https:\/\/florencehumbert.fr\/#website\",\"url\":\"https:\/\/florencehumbert.fr\/\",\"name\":\"Florence Humbert Praticienne de shiatsu\",\"description\":\"06 81 28 64 41\",\"publisher\":{\"@id\":\"https:\/\/florencehumbert.fr\/#\/schema\/person\/3e97c91d838218288a5ff1bd543bb3e3\"},\"potentialAction\":[{\"@type\":\"SearchAction\",\"target\":{\"@type\":\"EntryPoint\",\"urlTemplate\":\"https:\/\/florencehumbert.fr\/?s={search_term_string}\"},\"query-input\":\"required name=search_term_string\"}],\"inLanguage\":\"fr-FR\"},{\"@type\":[\"Person\",\"Organization\"],\"@id\":\"https:\/\/florencehumbert.fr\/#\/schema\/person\/3e97c91d838218288a5ff1bd543bb3e3\",\"name\":\"Florence Humbert\",\"image\":{\"@type\":\"ImageObject\",\"inLanguage\":\"fr-FR\",\"@id\":\"https:\/\/florencehumbert.fr\/#\/schema\/person\/image\/\",\"url\":\"https:\/\/secure.gravatar.com\/avatar\/a8946aed7577a97ff14e1baacdefeace?s=96&d=mm&r=g\",\"contentUrl\":\"https:\/\/secure.gravatar.com\/avatar\/a8946aed7577a97ff14e1baacdefeace?s=96&d=mm&r=g\",\"caption\":\"Florence Humbert\"},\"logo\":{\"@id\":\"https:\/\/florencehumbert.fr\/#\/schema\/person\/image\/\"},\"sameAs\":[\"https:\/\/florencehumbert.fr\"]}]}<\/script>\n<!-- \/ Yoast SEO plugin. -->","yoast_head_json":{"title":"Shiatsu et Sei shiatsu - Florence Humbert Praticienne de shiatsu","robots":{"index":"index","follow":"follow","max-snippet":"max-snippet:-1","max-image-preview":"max-image-preview:large","max-video-preview":"max-video-preview:-1"},"canonical":"https:\/\/florencehumbert.fr\/index.php\/shiatsu-dans-lest-parisien\/le-shiatsu\/","og_locale":"fr_FR","og_type":"article","og_title":"Shiatsu et Sei shiatsu - Florence Humbert Praticienne de shiatsu","og_description":"Le shiatsu est une technique manuelle d\u2019origine japonaise qui utilise le toucher \u00e0 travers les v\u00eatements pour ramener l\u2019\u00e9quilibre dans le corps et ainsi promouvoir la sant\u00e9. Sauf cas particuliers, il se pratique au sol et il est\u00a0judicieux de pr\u00e9voir une tenue ample et souple pour profiter pleinement de la s\u00e9ance. Il\u00a0permet de r\u00e9tablir la &hellip; Continuer la lecture de Shiatsu et Sei shiatsu","og_url":"https:\/\/florencehumbert.fr\/index.php\/shiatsu-dans-lest-parisien\/le-shiatsu\/","og_site_name":"Florence Humbert Praticienne de shiatsu","article_modified_time":"2021-11-14T20:24:30+00:00","twitter_card":"summary_large_image","twitter_misc":{"Dur\u00e9e de lecture estim\u00e9e":"2 minutes"},"schema":{"@context":"https:\/\/schema.org","@graph":[{"@type":"WebPage","@id":"https:\/\/florencehumbert.fr\/index.php\/shiatsu-dans-lest-parisien\/le-shiatsu\/","url":"https:\/\/florencehumbert.fr\/index.php\/shiatsu-dans-lest-parisien\/le-shiatsu\/","name":"Shiatsu et Sei shiatsu - Florence Humbert Praticienne de shiatsu","isPartOf":{"@id":"https:\/\/florencehumbert.fr\/#website"},"datePublished":"2016-06-17T15:27:16+00:00","dateModified":"2021-11-14T20:24:30+00:00","breadcrumb":{"@id":"https:\/\/florencehumbert.fr\/index.php\/shiatsu-dans-lest-parisien\/le-shiatsu\/#breadcrumb"},"inLanguage":"fr-FR","potentialAction":[{"@type":"ReadAction","target":["https:\/\/florencehumbert.fr\/index.php\/shiatsu-dans-lest-parisien\/le-shiatsu\/"]}]},{"@type":"BreadcrumbList","@id":"https:\/\/florencehumbert.fr\/index.php\/shiatsu-dans-lest-parisien\/le-shiatsu\/#breadcrumb","itemListElement":[{"@type":"ListItem","position":1,"name":"Accueil","item":"https:\/\/florencehumbert.fr\/"},{"@type":"ListItem","position":2,"name":"Shiatsu dans l&rsquo;est parisien","item":"https:\/\/florencehumbert.fr\/"},{"@type":"ListItem","position":3,"name":"Shiatsu et Sei shiatsu"}]},{"@type":"WebSite","@id":"https:\/\/florencehumbert.fr\/#website","url":"https:\/\/florencehumbert.fr\/","name":"Florence Humbert Praticienne de shiatsu","description":"06 81 28 64 41","publisher":{"@id":"https:\/\/florencehumbert.fr\/#\/schema\/person\/3e97c91d838218288a5ff1bd543bb3e3"},"potentialAction":[{"@type":"SearchAction","target":{"@type":"EntryPoint","urlTemplate":"https:\/\/florencehumbert.fr\/?s={search_term_string}"},"query-input":"required name=search_term_string"}],"inLanguage":"fr-FR"},{"@type":["Person","Organization"],"@id":"https:\/\/florencehumbert.fr\/#\/schema\/person\/3e97c91d838218288a5ff1bd543bb3e3","name":"Florence Humbert","image":{"@type":"ImageObject","inLanguage":"fr-FR","@id":"https:\/\/florencehumbert.fr\/#\/schema\/person\/image\/","url":"https:\/\/secure.gravatar.com\/avatar\/a8946aed7577a97ff14e1baacdefeace?s=96&d=mm&r=g","contentUrl":"https:\/\/secure.gravatar.com\/avatar\/a8946aed7577a97ff14e1baacdefeace?s=96&d=mm&r=g","caption":"Florence Humbert"},"logo":{"@id":"https:\/\/florencehumbert.fr\/#\/schema\/person\/image\/"},"sameAs":["https:\/\/florencehumbert.fr"]}]}},"jetpack_sharing_enabled":true,"jetpack_shortlink":"https:\/\/wp.me\/P8r29s-i","_links":{"self":[{"href":"https:\/\/florencehumbert.fr\/index.php\/wp-json\/wp\/v2\/pages\/18"}],"collection":[{"href":"https:\/\/florencehumbert.fr\/index.php\/wp-json\/wp\/v2\/pages"}],"about":[{"href":"https:\/\/florencehumbert.fr\/index.php\/wp-json\/wp\/v2\/types\/page"}],"author":[{"embeddable":true,"href":"https:\/\/florencehumbert.fr\/index.php\/wp-json\/wp\/v2\/users\/2"}],"replies":[{"embeddable":true,"href":"https:\/\/florencehumbert.fr\/index.php\/wp-json\/wp\/v2\/comments?post=18"}],"version-history":[{"count":23,"href":"https:\/\/florencehumbert.fr\/index.php\/wp-json\/wp\/v2\/pages\/18\/revisions"}],"predecessor-version":[{"id":565,"href":"https:\/\/florencehumbert.fr\/index.php\/wp-json\/wp\/v2\/pages\/18\/revisions\/565"}],"up":[{"embeddable":true,"href":"https:\/\/florencehumbert.fr\/index.php\/wp-json\/wp\/v2\/pages\/592"}],"wp:attachment":[{"href":"https:\/\/florencehumbert.fr\/index.php\/wp-json\/wp\/v2\/media?parent=18"}],"curies":[{"name":"wp","href":"https:\/\/api.w.org\/{rel}","templated":true}]}}