{"id":579,"date":"2021-08-16T19:14:29","date_gmt":"2021-08-16T18:14:29","guid":{"rendered":"http:\/\/florencehumbert.fr\/?page_id=579"},"modified":"2022-02-26T15:36:31","modified_gmt":"2022-02-26T14:36:31","slug":"yoga-par-zoom","status":"publish","type":"page","link":"https:\/\/florencehumbert.fr\/index.php\/yoga-par-zoom\/","title":{"rendered":"Yoga par zoom"},"content":{"rendered":"\n<p>Pour prolonger le travail effectu\u00e9 lors des s\u00e9ances de shiatsu, je vous propose de me rejoindre les dimanches, lundis et jeudis en fin de journ\u00e9e pour un yoga d\u00e9tente, visant \u00e0 am\u00e9liorer la circulation du souffle.<\/p>\n\n\n\n<p>Je vous pr\u00e9senterai quelques fondamentaux : <\/p>\n\n\n\n<ul><li><strong>Kurma<\/strong>, le socle stable et solide sur lequel prendre appui <\/li><li><strong>Meru Danda<\/strong>, la colonne vert\u00e9brale <\/li><li><strong>Pranayama<\/strong>, la respiration<\/li><\/ul>\n\n\n\n<p>et nous terminerons la s\u00e9ance par une relaxation.<\/p>\n\n\n\n<p>Les s\u00e9ances durent 45 minutes.<\/p>\n\n\n\n<p><a href=\"https:\/\/florencehumbert.fr\/index.php\/inscription-yoga-par-zoom\/\" rel=\"nofollow\">Connexion<\/a><\/p>\n\n\n\n<p><\/p>\n","protected":false},"excerpt":{"rendered":"<p>Pour prolonger le travail effectu\u00e9 lors des s\u00e9ances de shiatsu, je vous propose de me rejoindre les dimanches, lundis et jeudis en fin de journ\u00e9e pour un yoga d\u00e9tente, visant \u00e0 am\u00e9liorer la circulation du souffle. Je vous pr\u00e9senterai quelques fondamentaux : Kurma, le socle stable et solide sur lequel prendre appui Meru Danda, la &hellip; <a href=\"https:\/\/florencehumbert.fr\/index.php\/yoga-par-zoom\/\" class=\"more-link\">Continuer la lecture de <span class=\"screen-reader-text\">Yoga par zoom<\/span><\/a><\/p>\n","protected":false},"author":2,"featured_media":0,"parent":0,"menu_order":0,"comment_status":"closed","ping_status":"closed","template":"","meta":{"_exactmetrics_skip_tracking":false,"_exactmetrics_sitenote_active":false,"_exactmetrics_sitenote_note":"","_exactmetrics_sitenote_category":0,"jetpack_post_was_ever_published":false},"yoast_head":"<!-- This site is optimized with the Yoast SEO plugin v19.13 - https:\/\/yoast.com\/wordpress\/plugins\/seo\/ -->\n<title>Yoga par zoom - Florence Humbert Praticienne de shiatsu<\/title>\n<meta name=\"robots\" content=\"index, follow, max-snippet:-1, max-image-preview:large, max-video-preview:-1\" \/>\n<link rel=\"canonical\" href=\"https:\/\/florencehumbert.fr\/index.php\/yoga-par-zoom\/\" \/>\n<meta property=\"og:locale\" content=\"fr_FR\" \/>\n<meta property=\"og:type\" content=\"article\" \/>\n<meta property=\"og:title\" content=\"Yoga par zoom - Florence Humbert Praticienne de shiatsu\" \/>\n<meta property=\"og:description\" content=\"Pour prolonger le travail effectu\u00e9 lors des s\u00e9ances de shiatsu, je vous propose de me rejoindre les dimanches, lundis et jeudis en fin de journ\u00e9e pour un yoga d\u00e9tente, visant \u00e0 am\u00e9liorer la circulation du souffle. Je vous pr\u00e9senterai quelques fondamentaux : Kurma, le socle stable et solide sur lequel prendre appui Meru Danda, la &hellip; Continuer la lecture de Yoga par zoom\" \/>\n<meta property=\"og:url\" content=\"https:\/\/florencehumbert.fr\/index.php\/yoga-par-zoom\/\" \/>\n<meta property=\"og:site_name\" content=\"Florence Humbert Praticienne de shiatsu\" \/>\n<meta property=\"article:modified_time\" content=\"2022-02-26T14:36:31+00:00\" \/>\n<meta name=\"twitter:card\" content=\"summary_large_image\" \/>\n<meta name=\"twitter:label1\" content=\"Dur\u00e9e de lecture estim\u00e9e\" \/>\n\t<meta name=\"twitter:data1\" content=\"1 minute\" \/>\n<script type=\"application\/ld+json\" class=\"yoast-schema-graph\">{\"@context\":\"https:\/\/schema.org\",\"@graph\":[{\"@type\":\"WebPage\",\"@id\":\"https:\/\/florencehumbert.fr\/index.php\/yoga-par-zoom\/\",\"url\":\"https:\/\/florencehumbert.fr\/index.php\/yoga-par-zoom\/\",\"name\":\"Yoga par zoom - Florence Humbert Praticienne de shiatsu\",\"isPartOf\":{\"@id\":\"https:\/\/florencehumbert.fr\/#website\"},\"datePublished\":\"2021-08-16T18:14:29+00:00\",\"dateModified\":\"2022-02-26T14:36:31+00:00\",\"breadcrumb\":{\"@id\":\"https:\/\/florencehumbert.fr\/index.php\/yoga-par-zoom\/#breadcrumb\"},\"inLanguage\":\"fr-FR\",\"potentialAction\":[{\"@type\":\"ReadAction\",\"target\":[\"https:\/\/florencehumbert.fr\/index.php\/yoga-par-zoom\/\"]}]},{\"@type\":\"BreadcrumbList\",\"@id\":\"https:\/\/florencehumbert.fr\/index.php\/yoga-par-zoom\/#breadcrumb\",\"itemListElement\":[{\"@type\":\"ListItem\",\"position\":1,\"name\":\"Accueil\",\"item\":\"https:\/\/florencehumbert.fr\/\"},{\"@type\":\"ListItem\",\"position\":2,\"name\":\"Yoga par zoom\"}]},{\"@type\":\"WebSite\",\"@id\":\"https:\/\/florencehumbert.fr\/#website\",\"url\":\"https:\/\/florencehumbert.fr\/\",\"name\":\"Florence Humbert Praticienne de shiatsu\",\"description\":\"06 81 28 64 41\",\"publisher\":{\"@id\":\"https:\/\/florencehumbert.fr\/#\/schema\/person\/3e97c91d838218288a5ff1bd543bb3e3\"},\"potentialAction\":[{\"@type\":\"SearchAction\",\"target\":{\"@type\":\"EntryPoint\",\"urlTemplate\":\"https:\/\/florencehumbert.fr\/?s={search_term_string}\"},\"query-input\":\"required name=search_term_string\"}],\"inLanguage\":\"fr-FR\"},{\"@type\":[\"Person\",\"Organization\"],\"@id\":\"https:\/\/florencehumbert.fr\/#\/schema\/person\/3e97c91d838218288a5ff1bd543bb3e3\",\"name\":\"Florence Humbert\",\"image\":{\"@type\":\"ImageObject\",\"inLanguage\":\"fr-FR\",\"@id\":\"https:\/\/florencehumbert.fr\/#\/schema\/person\/image\/\",\"url\":\"https:\/\/secure.gravatar.com\/avatar\/a8946aed7577a97ff14e1baacdefeace?s=96&d=mm&r=g\",\"contentUrl\":\"https:\/\/secure.gravatar.com\/avatar\/a8946aed7577a97ff14e1baacdefeace?s=96&d=mm&r=g\",\"caption\":\"Florence Humbert\"},\"logo\":{\"@id\":\"https:\/\/florencehumbert.fr\/#\/schema\/person\/image\/\"},\"sameAs\":[\"https:\/\/florencehumbert.fr\"]}]}<\/script>\n<!-- \/ Yoast SEO plugin. -->","yoast_head_json":{"title":"Yoga par zoom - Florence Humbert Praticienne de shiatsu","robots":{"index":"index","follow":"follow","max-snippet":"max-snippet:-1","max-image-preview":"max-image-preview:large","max-video-preview":"max-video-preview:-1"},"canonical":"https:\/\/florencehumbert.fr\/index.php\/yoga-par-zoom\/","og_locale":"fr_FR","og_type":"article","og_title":"Yoga par zoom - Florence Humbert Praticienne de shiatsu","og_description":"Pour prolonger le travail effectu\u00e9 lors des s\u00e9ances de shiatsu, je vous propose de me rejoindre les dimanches, lundis et jeudis en fin de journ\u00e9e pour un yoga d\u00e9tente, visant \u00e0 am\u00e9liorer la circulation du souffle. Je vous pr\u00e9senterai quelques fondamentaux : Kurma, le socle stable et solide sur lequel prendre appui Meru Danda, la &hellip; Continuer la lecture de Yoga par zoom","og_url":"https:\/\/florencehumbert.fr\/index.php\/yoga-par-zoom\/","og_site_name":"Florence Humbert Praticienne de shiatsu","article_modified_time":"2022-02-26T14:36:31+00:00","twitter_card":"summary_large_image","twitter_misc":{"Dur\u00e9e de lecture estim\u00e9e":"1 minute"},"schema":{"@context":"https:\/\/schema.org","@graph":[{"@type":"WebPage","@id":"https:\/\/florencehumbert.fr\/index.php\/yoga-par-zoom\/","url":"https:\/\/florencehumbert.fr\/index.php\/yoga-par-zoom\/","name":"Yoga par zoom - Florence Humbert Praticienne de shiatsu","isPartOf":{"@id":"https:\/\/florencehumbert.fr\/#website"},"datePublished":"2021-08-16T18:14:29+00:00","dateModified":"2022-02-26T14:36:31+00:00","breadcrumb":{"@id":"https:\/\/florencehumbert.fr\/index.php\/yoga-par-zoom\/#breadcrumb"},"inLanguage":"fr-FR","potentialAction":[{"@type":"ReadAction","target":["https:\/\/florencehumbert.fr\/index.php\/yoga-par-zoom\/"]}]},{"@type":"BreadcrumbList","@id":"https:\/\/florencehumbert.fr\/index.php\/yoga-par-zoom\/#breadcrumb","itemListElement":[{"@type":"ListItem","position":1,"name":"Accueil","item":"https:\/\/florencehumbert.fr\/"},{"@type":"ListItem","position":2,"name":"Yoga par zoom"}]},{"@type":"WebSite","@id":"https:\/\/florencehumbert.fr\/#website","url":"https:\/\/florencehumbert.fr\/","name":"Florence Humbert Praticienne de shiatsu","description":"06 81 28 64 41","publisher":{"@id":"https:\/\/florencehumbert.fr\/#\/schema\/person\/3e97c91d838218288a5ff1bd543bb3e3"},"potentialAction":[{"@type":"SearchAction","target":{"@type":"EntryPoint","urlTemplate":"https:\/\/florencehumbert.fr\/?s={search_term_string}"},"query-input":"required name=search_term_string"}],"inLanguage":"fr-FR"},{"@type":["Person","Organization"],"@id":"https:\/\/florencehumbert.fr\/#\/schema\/person\/3e97c91d838218288a5ff1bd543bb3e3","name":"Florence Humbert","image":{"@type":"ImageObject","inLanguage":"fr-FR","@id":"https:\/\/florencehumbert.fr\/#\/schema\/person\/image\/","url":"https:\/\/secure.gravatar.com\/avatar\/a8946aed7577a97ff14e1baacdefeace?s=96&d=mm&r=g","contentUrl":"https:\/\/secure.gravatar.com\/avatar\/a8946aed7577a97ff14e1baacdefeace?s=96&d=mm&r=g","caption":"Florence Humbert"},"logo":{"@id":"https:\/\/florencehumbert.fr\/#\/schema\/person\/image\/"},"sameAs":["https:\/\/florencehumbert.fr"]}]}},"jetpack_sharing_enabled":true,"jetpack_shortlink":"https:\/\/wp.me\/P8r29s-9l","_links":{"self":[{"href":"https:\/\/florencehumbert.fr\/index.php\/wp-json\/wp\/v2\/pages\/579"}],"collection":[{"href":"https:\/\/florencehumbert.fr\/index.php\/wp-json\/wp\/v2\/pages"}],"about":[{"href":"https:\/\/florencehumbert.fr\/index.php\/wp-json\/wp\/v2\/types\/page"}],"author":[{"embeddable":true,"href":"https:\/\/florencehumbert.fr\/index.php\/wp-json\/wp\/v2\/users\/2"}],"replies":[{"embeddable":true,"href":"https:\/\/florencehumbert.fr\/index.php\/wp-json\/wp\/v2\/comments?post=579"}],"version-history":[{"count":6,"href":"https:\/\/florencehumbert.fr\/index.php\/wp-json\/wp\/v2\/pages\/579\/revisions"}],"predecessor-version":[{"id":661,"href":"https:\/\/florencehumbert.fr\/index.php\/wp-json\/wp\/v2\/pages\/579\/revisions\/661"}],"wp:attachment":[{"href":"https:\/\/florencehumbert.fr\/index.php\/wp-json\/wp\/v2\/media?parent=579"}],"curies":[{"name":"wp","href":"https:\/\/api.w.org\/{rel}","templated":true}]}}